{"id":19784,"date":"2026-02-27T00:05:45","date_gmt":"2026-02-27T00:05:45","guid":{"rendered":"https:\/\/nordicmart.andreevmaster.com\/product\/little-tikes-bla-og-gron-picnicbord-til-born-til-haven\/"},"modified":"2026-02-27T08:51:48","modified_gmt":"2026-02-27T08:51:48","slug":"little-tikes-bla-og-gron-picnicbord-til-born-til-haven","status":"publish","type":"product","link":"https:\/\/nordicmart.andreevmaster.com\/da\/vare\/little-tikes-bla-og-gron-picnicbord-til-born-til-haven\/","title":{"rendered":"Little Tikes Bl\u00e5 og gr\u00f8n picnicbord til b\u00f8rn til haven"},"content":{"rendered":"<p>Det bl\u00e5 og gr\u00f8nne picnicbord designet af den ber\u00f8mte leget\u00f8jsproducent Little Tikes er perfekt til leg b\u00e5de hjemme og i haven. Bordet er fremstillet i \u00e9t stykke og er udstyret med komfortable r\u00f8de s\u00e6der og afrundede, glatte kanter for sikkerhedens skyld. Velegnet til alle former for aktiviteter, s\u00e5som modellering, maling, klipning og spisning. Bordet har plads til fire b\u00f8rn ad gangen. Let at reng\u00f8re. <\/p>\n<p>Egenskaber: <\/p>\n<p>* &#8211; bord i \u00e9t stykke,<br \/>\n* &#8211; udstyret med komfortable s\u00e6der,* &#8211; afrundede og glatte kanter for sikkerhedens skyld,<br \/>\n* &#8211; bord som arbejdsb\u00e6nk for b\u00f8rn,<br \/>\n* &#8211; velegnet til alle former for aktiviteter, f.eks. modellering, maling, klipning og spisning,<br \/>\n* &#8211; fire b\u00f8rn kan sidde ved bordet p\u00e5 samme tid,<br \/>\n* &#8211; let at holde rent,<br \/>\n* &#8211; ideelt til leg b\u00e5de hjemme og i haven.<\/p>\n<p>Little Tikes tilbyder kreative l\u00f8sninger og holdbarhed, der giver b\u00f8rnene mulighed for at nyde legen i mange \u00e5r. Derfor er et af virksomhedens flagskibsprodukter Cozy Coupe\u00ae-k\u00f8ret\u00f8jet, som har gl\u00e6det b\u00f8rn i over tredive \u00e5r. Sortimentet omfatter ogs\u00e5 leget\u00f8j fra f\u00f8lgende kategorier: legehuse, husholdningsartikler, gynger og legepladser, gyngestole og g\u00e5vogne, m\u00f8bler, haveleget\u00f8j, b\u00f8rnek\u00f8ret\u00f8jer, rutsjebaner og klatrestativer.<\/p>\n","protected":false},"excerpt":{"rendered":"<p>Det bl\u00e5 og gr\u00f8nne picnicbord designet af den ber\u00f8mte leget\u00f8jsproducent Little Tikes er perfekt til leg b\u00e5de hjemme og i haven. Bordet er fremstillet i \u00e9t stykke og er udstyret med komfortable r\u00f8de s\u00e6der og afrundede, glatte kanter for sikkerhedens skyld. Velegnet til alle former for aktiviteter, s\u00e5som modellering, maling, klipning og spisning. Bordet har [&hellip;]<\/p>\n","protected":false},"featured_media":0,"comment_status":"open","ping_status":"closed","template":"","meta":[],"product_brand":[],"product_cat":[31],"product_tag":[],"class_list":{"0":"post-19784","1":"product","2":"type-product","3":"status-publish","5":"product_cat-uncategorized-da","7":"first","8":"instock","9":"shipping-taxable","10":"purchasable","11":"product-type-simple"},"_links":{"self":[{"href":"https:\/\/nordicmart.andreevmaster.com\/da\/wp-json\/wp\/v2\/product\/19784","targetHints":{"allow":["GET"]}}],"collection":[{"href":"https:\/\/nordicmart.andreevmaster.com\/da\/wp-json\/wp\/v2\/product"}],"about":[{"href":"https:\/\/nordicmart.andreevmaster.com\/da\/wp-json\/wp\/v2\/types\/product"}],"replies":[{"embeddable":true,"href":"https:\/\/nordicmart.andreevmaster.com\/da\/wp-json\/wp\/v2\/comments?post=19784"}],"wp:attachment":[{"href":"https:\/\/nordicmart.andreevmaster.com\/da\/wp-json\/wp\/v2\/media?parent=19784"}],"wp:term":[{"taxonomy":"product_brand","embeddable":true,"href":"https:\/\/nordicmart.andreevmaster.com\/da\/wp-json\/wp\/v2\/product_brand?post=19784"},{"taxonomy":"product_cat","embeddable":true,"href":"https:\/\/nordicmart.andreevmaster.com\/da\/wp-json\/wp\/v2\/product_cat?post=19784"},{"taxonomy":"product_tag","embeddable":true,"href":"https:\/\/nordicmart.andreevmaster.com\/da\/wp-json\/wp\/v2\/product_tag?post=19784"}],"curies":[{"name":"wp","href":"https:\/\/api.w.org\/{rel}","templated":true}]}}