{"id":19783,"date":"2026-02-27T00:05:45","date_gmt":"2026-02-27T00:05:45","guid":{"rendered":"https:\/\/nordicmart.andreevmaster.com\/product\/little-tikes-grand-coupe-sport-car-2\/"},"modified":"2026-02-27T08:51:48","modified_gmt":"2026-02-27T08:51:48","slug":"little-tikes-grand-coupe-sport-car-2","status":"publish","type":"product","link":"https:\/\/nordicmart.andreevmaster.com\/da\/vare\/little-tikes-grand-coupe-sport-car-2\/","title":{"rendered":"Little Tikes Grand Coupe Sport Car"},"content":{"rendered":"<p>Egenskaber:<\/p>\n<p>* -Bilen har et sjovt ansigt og tr\u00e6k, der giver den karakter af en rigtig dinosaur, hvilket tilskynder til kreativ leg.<br \/>\n* -Bilen kan s\u00e6ttes i bev\u00e6gelse med barnets f\u00f8dder eller skubbes som en klapvogn af en voksen.* -Bilen kan ogs\u00e5 bruges af mindre b\u00f8rn.<br \/>\n* &#8211; Rat med horn<br \/>\n* -t\u00e6ndingskontakt<br \/>\n* -bev\u00e6gelig, klikkende t\u00e6nding<br \/>\n* -br\u00e6ndstofd\u00e6ksel, der kan \u00e5bnes<br \/>\n* -F\u00f8rerd\u00f8r med l\u00e5s<br \/>\n* -aftageligt gulv<br \/>\n* -koppholdere bag s\u00e6det<br \/>\n* -forhjulene kan dreje 360\u00b0<br \/>\n* -h\u00e5ndtag til voksenoverv\u00e5gning af k\u00f8ret\u00f8jets bev\u00e6gelser<\/p>\n<p>Little Tikes-produkter er kendt og elsket p\u00e5 alle kontinenter, i mange hjem, af utallige smilende b\u00f8rn og tilfredse for\u00e6ldre. Little Tikes fremstiller produkter, der opfylder alle n\u00f8dvendige sikkerhedsstandarder. Med produktets holdbarhed for \u00f8je er leget\u00f8jet designet og fremstillet ved hj\u00e6lp af den mest passende teknologi, rotationsst\u00f8bning, hvilket garanterer mange \u00e5rs sjov.<\/p>\n","protected":false},"excerpt":{"rendered":"<p>Egenskaber: * -Bilen har et sjovt ansigt og tr\u00e6k, der giver den karakter af en rigtig dinosaur, hvilket tilskynder til kreativ leg. * -Bilen kan s\u00e6ttes i bev\u00e6gelse med barnets f\u00f8dder eller skubbes som en klapvogn af en voksen.* -Bilen kan ogs\u00e5 bruges af mindre b\u00f8rn. * &#8211; Rat med horn * -t\u00e6ndingskontakt * -bev\u00e6gelig, [&hellip;]<\/p>\n","protected":false},"featured_media":38919,"comment_status":"open","ping_status":"closed","template":"","meta":[],"product_brand":[],"product_cat":[31],"product_tag":[],"class_list":{"0":"post-19783","1":"product","2":"type-product","3":"status-publish","4":"has-post-thumbnail","6":"product_cat-uncategorized-da","8":"first","9":"instock","10":"shipping-taxable","11":"purchasable","12":"product-type-simple"},"_links":{"self":[{"href":"https:\/\/nordicmart.andreevmaster.com\/da\/wp-json\/wp\/v2\/product\/19783","targetHints":{"allow":["GET"]}}],"collection":[{"href":"https:\/\/nordicmart.andreevmaster.com\/da\/wp-json\/wp\/v2\/product"}],"about":[{"href":"https:\/\/nordicmart.andreevmaster.com\/da\/wp-json\/wp\/v2\/types\/product"}],"replies":[{"embeddable":true,"href":"https:\/\/nordicmart.andreevmaster.com\/da\/wp-json\/wp\/v2\/comments?post=19783"}],"wp:featuredmedia":[{"embeddable":true,"href":"https:\/\/nordicmart.andreevmaster.com\/da\/wp-json\/wp\/v2\/media\/38919"}],"wp:attachment":[{"href":"https:\/\/nordicmart.andreevmaster.com\/da\/wp-json\/wp\/v2\/media?parent=19783"}],"wp:term":[{"taxonomy":"product_brand","embeddable":true,"href":"https:\/\/nordicmart.andreevmaster.com\/da\/wp-json\/wp\/v2\/product_brand?post=19783"},{"taxonomy":"product_cat","embeddable":true,"href":"https:\/\/nordicmart.andreevmaster.com\/da\/wp-json\/wp\/v2\/product_cat?post=19783"},{"taxonomy":"product_tag","embeddable":true,"href":"https:\/\/nordicmart.andreevmaster.com\/da\/wp-json\/wp\/v2\/product_tag?post=19783"}],"curies":[{"name":"wp","href":"https:\/\/api.w.org\/{rel}","templated":true}]}}