{"id":19782,"date":"2026-02-27T00:05:45","date_gmt":"2026-02-27T00:05:45","guid":{"rendered":"https:\/\/nordicmart.andreevmaster.com\/product\/little-tikes-first-slide-garden-slide-my-first-95-cm-pink-2\/"},"modified":"2026-02-27T08:51:48","modified_gmt":"2026-02-27T08:51:48","slug":"little-tikes-first-slide-garden-slide-my-first-95-cm-pink-2","status":"publish","type":"product","link":"https:\/\/nordicmart.andreevmaster.com\/da\/vare\/little-tikes-first-slide-garden-slide-my-first-95-cm-pink-2\/","title":{"rendered":"Little Tikes First Slide Garden Slide My First 95 cm Pink"},"content":{"rendered":"<p>Den lyser\u00f8de First Slide-rutsjebane er designet af den kendte leget\u00f8jsproducent Little Tikes. Disse rutsjebaner er fremstillet af materialer af h\u00f8j kvalitet med fokus p\u00e5 selv de mindste detaljer. En rutsjebane er en integreret del af enhver legeplads, b\u00e5de hjemme og p\u00e5 offentlige steder. Rutsjebanen kan kombineres med andre legepladser eller havehuse for at skabe et unikt sted for b\u00f8rn at lege. Rutsjebanen er udstyret med brede trin og en stabil base, hvilket g\u00f8r den ideel til alle sm\u00e5b\u00f8rn.<\/p>\n<p>Egenskaber:<\/p>\n<p>* &#8211; rutsjebane udstyret med brede trin, der ender i en stabil base,<br \/>\n* &#8211; rutsjebanen er udstyret med en 95 cm lang rutsjebane,<br \/>\n* &#8211; rutsjebanen kan foldes sammen,<br \/>\n* &#8211; maksimal belastning: 20 kg.<\/p>\n<p>Little Tikes tilbyder kreative l\u00f8sninger og holdbarhed, der giver b\u00f8rnene mulighed for at nyde at lege i mange \u00e5r. Derfor er et af virksomhedens flagskibsprodukter Cozy Coupe\u00ae-k\u00f8ret\u00f8jet, som har gl\u00e6det b\u00f8rn i over tredive \u00e5r. Virksomheden tilbyder ogs\u00e5 leget\u00f8j fra f\u00f8lgende kategorier: legehuse, husholdningsartikler, gynger og legepladser, gyngestole og g\u00e5vogne, m\u00f8bler, haveleget\u00f8j, b\u00f8rnek\u00f8ret\u00f8jer, rutsjebaner og klatrestativer.<\/p>\n","protected":false},"excerpt":{"rendered":"<p>Den lyser\u00f8de First Slide-rutsjebane er designet af den kendte leget\u00f8jsproducent Little Tikes. Disse rutsjebaner er fremstillet af materialer af h\u00f8j kvalitet med fokus p\u00e5 selv de mindste detaljer. En rutsjebane er en integreret del af enhver legeplads, b\u00e5de hjemme og p\u00e5 offentlige steder. Rutsjebanen kan kombineres med andre legepladser eller havehuse for at skabe et [&hellip;]<\/p>\n","protected":false},"featured_media":38918,"comment_status":"open","ping_status":"closed","template":"","meta":[],"product_brand":[],"product_cat":[31],"product_tag":[],"class_list":{"0":"post-19782","1":"product","2":"type-product","3":"status-publish","4":"has-post-thumbnail","6":"product_cat-uncategorized-da","8":"first","9":"instock","10":"shipping-taxable","11":"purchasable","12":"product-type-simple"},"_links":{"self":[{"href":"https:\/\/nordicmart.andreevmaster.com\/da\/wp-json\/wp\/v2\/product\/19782","targetHints":{"allow":["GET"]}}],"collection":[{"href":"https:\/\/nordicmart.andreevmaster.com\/da\/wp-json\/wp\/v2\/product"}],"about":[{"href":"https:\/\/nordicmart.andreevmaster.com\/da\/wp-json\/wp\/v2\/types\/product"}],"replies":[{"embeddable":true,"href":"https:\/\/nordicmart.andreevmaster.com\/da\/wp-json\/wp\/v2\/comments?post=19782"}],"wp:featuredmedia":[{"embeddable":true,"href":"https:\/\/nordicmart.andreevmaster.com\/da\/wp-json\/wp\/v2\/media\/38918"}],"wp:attachment":[{"href":"https:\/\/nordicmart.andreevmaster.com\/da\/wp-json\/wp\/v2\/media?parent=19782"}],"wp:term":[{"taxonomy":"product_brand","embeddable":true,"href":"https:\/\/nordicmart.andreevmaster.com\/da\/wp-json\/wp\/v2\/product_brand?post=19782"},{"taxonomy":"product_cat","embeddable":true,"href":"https:\/\/nordicmart.andreevmaster.com\/da\/wp-json\/wp\/v2\/product_cat?post=19782"},{"taxonomy":"product_tag","embeddable":true,"href":"https:\/\/nordicmart.andreevmaster.com\/da\/wp-json\/wp\/v2\/product_tag?post=19782"}],"curies":[{"name":"wp","href":"https:\/\/api.w.org\/{rel}","templated":true}]}}