{"id":19781,"date":"2026-02-27T00:05:44","date_gmt":"2026-02-27T00:05:44","guid":{"rendered":"https:\/\/nordicmart.andreevmaster.com\/product\/little-tikes-classic-castle-med-rutsjebane\/"},"modified":"2026-02-27T08:51:48","modified_gmt":"2026-02-27T08:51:48","slug":"little-tikes-classic-castle-med-rutsjebane","status":"publish","type":"product","link":"https:\/\/nordicmart.andreevmaster.com\/da\/vare\/little-tikes-classic-castle-med-rutsjebane\/","title":{"rendered":"Little Tikes Classic Castle med rutsjebane"},"content":{"rendered":"<p>Det store legehus til haven \u2013 slot og rutsjebane fra det amerikanske firma Little Tikes er en fantastisk m\u00e5de at stimulere b\u00f8rns fantasi og g\u00f8re haven mere livlig med et unikt tilskud, der passer perfekt ind i de gr\u00f8nne omgivelser. Rutsjebanen og slottet til haven byder p\u00e5 uendelige muligheder for sjov. Slottet og rutsjebanen til haven er et produkt, der er kendetegnet ved fremragende kvalitet, sikkerhed for b\u00f8rn og holdbarhed. Rotomolding-teknologi er blevet brugt i designet og produktionen. Huset har dobbeltv\u00e6gge, der beskytter det mod solens og vejrforholdenes skadelige virkninger og g\u00f8r det modstandsdygtigt over for voldsomme st\u00f8d. Legehuset inspirerer til kreativ leg, tilskynder til aktivitet og bringer masser af gl\u00e6de. B\u00f8rnene vil elske at udspille historien om Rapunzel eller endda Shrek. Kampen om at erobre t\u00e5rnet er sjov, der vil begejstre alle riddere, store som sm\u00e5. Have-rutsjebaner \u2013 vi g\u00f8r barndomsdr\u00f8mme til virkelighed!<\/p>\n<p>Egenskaber:<\/p>\n<p>* &#8211; en rutsjebane, skjulte udgange, sm\u00e5 vinduer, et t\u00e5rn og et andet niveau, der kan bestiges, vil bringe de yngste b\u00f8rn stor gl\u00e6de,<br \/>\n* &#8211; slottet har et realistisk udseende,<br \/>\n* &#8211; stenfacaden og t\u00e5rnet giver indtryk af, at bygningen stammer fra en anden tid,<br \/>\n* &#8211; indeni er der en imiteret pejs.<\/p>\n<p>Leget\u00f8jet udvikler:<\/p>\n<p>* &#8211; motoriske f\u00e6rdigheder,<br \/>\n* &#8211; fantasi,<br \/>\n* &#8211; kreativitet,<br \/>\n* &#8211; manuelle f\u00e6rdigheder hos b\u00f8rn,<br \/>\n* &#8211; rollespil.<\/p>\n<p>Little Tikes tilbyder kreative l\u00f8sninger og holdbarhed, som giver b\u00f8rnene mulighed for at nyde legen i mange \u00e5r. Derfor er et af virksomhedens flagskibsprodukter Cozy Coupe\u00ae-k\u00f8ret\u00f8jet, som har gl\u00e6det b\u00f8rn i over tredive \u00e5r. Sortimentet omfatter ogs\u00e5 leget\u00f8j fra f\u00f8lgende kategorier: legehuse, husholdningsartikler, gynger og legepladser, gyngestole og g\u00e5vogne, m\u00f8bler, haveleget\u00f8j, b\u00f8rnek\u00f8ret\u00f8jer, rutsjebaner og klatrestativer.<\/p>\n","protected":false},"excerpt":{"rendered":"<p>Det store legehus til haven \u2013 slot og rutsjebane fra det amerikanske firma Little Tikes er en fantastisk m\u00e5de at stimulere b\u00f8rns fantasi og g\u00f8re haven mere livlig med et unikt tilskud, der passer perfekt ind i de gr\u00f8nne omgivelser. Rutsjebanen og slottet til haven byder p\u00e5 uendelige muligheder for sjov. Slottet og rutsjebanen til [&hellip;]<\/p>\n","protected":false},"featured_media":38917,"comment_status":"open","ping_status":"closed","template":"","meta":[],"product_brand":[],"product_cat":[31],"product_tag":[],"class_list":{"0":"post-19781","1":"product","2":"type-product","3":"status-publish","4":"has-post-thumbnail","6":"product_cat-uncategorized-da","8":"first","9":"instock","10":"shipping-taxable","11":"purchasable","12":"product-type-simple"},"_links":{"self":[{"href":"https:\/\/nordicmart.andreevmaster.com\/da\/wp-json\/wp\/v2\/product\/19781","targetHints":{"allow":["GET"]}}],"collection":[{"href":"https:\/\/nordicmart.andreevmaster.com\/da\/wp-json\/wp\/v2\/product"}],"about":[{"href":"https:\/\/nordicmart.andreevmaster.com\/da\/wp-json\/wp\/v2\/types\/product"}],"replies":[{"embeddable":true,"href":"https:\/\/nordicmart.andreevmaster.com\/da\/wp-json\/wp\/v2\/comments?post=19781"}],"wp:featuredmedia":[{"embeddable":true,"href":"https:\/\/nordicmart.andreevmaster.com\/da\/wp-json\/wp\/v2\/media\/38917"}],"wp:attachment":[{"href":"https:\/\/nordicmart.andreevmaster.com\/da\/wp-json\/wp\/v2\/media?parent=19781"}],"wp:term":[{"taxonomy":"product_brand","embeddable":true,"href":"https:\/\/nordicmart.andreevmaster.com\/da\/wp-json\/wp\/v2\/product_brand?post=19781"},{"taxonomy":"product_cat","embeddable":true,"href":"https:\/\/nordicmart.andreevmaster.com\/da\/wp-json\/wp\/v2\/product_cat?post=19781"},{"taxonomy":"product_tag","embeddable":true,"href":"https:\/\/nordicmart.andreevmaster.com\/da\/wp-json\/wp\/v2\/product_tag?post=19781"}],"curies":[{"name":"wp","href":"https:\/\/api.w.org\/{rel}","templated":true}]}}