{"id":19780,"date":"2026-02-27T00:05:44","date_gmt":"2026-02-27T00:05:44","guid":{"rendered":"https:\/\/nordicmart.andreevmaster.com\/product\/little-tikes-cozy-coupe-truck-ride-on-toy-pink-2\/"},"modified":"2026-02-27T08:51:48","modified_gmt":"2026-02-27T08:51:48","slug":"little-tikes-cozy-coupe-truck-ride-on-toy-pink-2","status":"publish","type":"product","link":"https:\/\/nordicmart.andreevmaster.com\/da\/vare\/little-tikes-cozy-coupe-truck-ride-on-toy-pink-2\/","title":{"rendered":"LITTLE TIKES COZY COUPE TRUCK Ride-On Toy Pink"},"content":{"rendered":"<p>M\u00f8d den yndige Princess Cozy Truck, der kombinerer funktionerne fra et foddrevet k\u00f8ret\u00f8j og et behageligt skubbeleget\u00f8j for for\u00e6ldre. Denne unikke lyser\u00f8de og lilla leget\u00f8jsbil er designet til de yngste b\u00f8rn og sikrer sikker, aktiv og kreativ leg b\u00e5de hjemme og udend\u00f8rs.[img-101052-left-thickbox_default]<\/p>\n<p>Funktioner<\/p>\n<p>* Designet til b\u00f8rn i alderen 18 m\u00e5neder til 5 \u00e5r<br \/>\n* Fod-til-gulv-system \u2013 b\u00f8rn bev\u00e6ger sig ved hj\u00e6lp af deres egne ben<br \/>\n* Aftageligt gulv \u2013 sikkerhed for sm\u00e5b\u00f8rn, uafh\u00e6ngighed for st\u00f8rre b\u00f8rn<br \/>\n* Skubbestang til for\u00e6ldre \u2013 fuld kontrol og f\u00e6lles sjov<br \/>\n* \u00c5bne d\u00f8re og tankd\u00e6ksel \u2013 realisme og sjov ved hver eneste sving<br \/>\n* Horn \u2013 en ekstra attraktion for sm\u00e5 chauff\u00f8rer<br \/>\n* Rummeligt bagagerum \u2013 til yndlingsleget\u00f8j eller tilbeh\u00f8r<\/p>\n<p>Leget\u00f8jet udvikler<\/p>\n<p>* Balance og motorisk koordination<br \/>\n* Muskelstyrke og fysisk kondition<br \/>\n* Uafh\u00e6ngighed og en f\u00f8lelse af autonomi<br \/>\n* Fantasi og kreativt rollespil (lille chauff\u00f8r, rejsende)<br \/>\n* Familieforhold takket v\u00e6re den f\u00e6lles k\u00f8re-funktion<\/p>\n<p>[img-101053-left-thickbox_default]<\/p>\n<p>[img-101054-left-thickbox_default]<\/p>\n","protected":false},"excerpt":{"rendered":"<p>M\u00f8d den yndige Princess Cozy Truck, der kombinerer funktionerne fra et foddrevet k\u00f8ret\u00f8j og et behageligt skubbeleget\u00f8j for for\u00e6ldre. Denne unikke lyser\u00f8de og lilla leget\u00f8jsbil er designet til de yngste b\u00f8rn og sikrer sikker, aktiv og kreativ leg b\u00e5de hjemme og udend\u00f8rs.[img-101052-left-thickbox_default] Funktioner * Designet til b\u00f8rn i alderen 18 m\u00e5neder til 5 \u00e5r * [&hellip;]<\/p>\n","protected":false},"featured_media":0,"comment_status":"open","ping_status":"closed","template":"","meta":[],"product_brand":[],"product_cat":[31],"product_tag":[],"class_list":{"0":"post-19780","1":"product","2":"type-product","3":"status-publish","5":"product_cat-uncategorized-da","7":"first","8":"instock","9":"shipping-taxable","10":"purchasable","11":"product-type-simple"},"_links":{"self":[{"href":"https:\/\/nordicmart.andreevmaster.com\/da\/wp-json\/wp\/v2\/product\/19780","targetHints":{"allow":["GET"]}}],"collection":[{"href":"https:\/\/nordicmart.andreevmaster.com\/da\/wp-json\/wp\/v2\/product"}],"about":[{"href":"https:\/\/nordicmart.andreevmaster.com\/da\/wp-json\/wp\/v2\/types\/product"}],"replies":[{"embeddable":true,"href":"https:\/\/nordicmart.andreevmaster.com\/da\/wp-json\/wp\/v2\/comments?post=19780"}],"wp:attachment":[{"href":"https:\/\/nordicmart.andreevmaster.com\/da\/wp-json\/wp\/v2\/media?parent=19780"}],"wp:term":[{"taxonomy":"product_brand","embeddable":true,"href":"https:\/\/nordicmart.andreevmaster.com\/da\/wp-json\/wp\/v2\/product_brand?post=19780"},{"taxonomy":"product_cat","embeddable":true,"href":"https:\/\/nordicmart.andreevmaster.com\/da\/wp-json\/wp\/v2\/product_cat?post=19780"},{"taxonomy":"product_tag","embeddable":true,"href":"https:\/\/nordicmart.andreevmaster.com\/da\/wp-json\/wp\/v2\/product_tag?post=19780"}],"curies":[{"name":"wp","href":"https:\/\/api.w.org\/{rel}","templated":true}]}}