{"id":19779,"date":"2026-02-27T00:05:44","date_gmt":"2026-02-27T00:05:44","guid":{"rendered":"https:\/\/nordicmart.andreevmaster.com\/product\/little-tikes-justerbar-basketball-til-born\/"},"modified":"2026-02-27T08:51:48","modified_gmt":"2026-02-27T08:51:48","slug":"little-tikes-justerbar-basketball-til-born","status":"publish","type":"product","link":"https:\/\/nordicmart.andreevmaster.com\/da\/vare\/little-tikes-justerbar-basketball-til-born\/","title":{"rendered":"Little Tikes justerbar basketball til b\u00f8rn"},"content":{"rendered":"<p>Denne basketballkurv fra det kendte m\u00e6rke Little Tikes er skabt til b\u00f8rn, der elsker at lege udend\u00f8rs. Basketball er fantastisk til gruppespil b\u00e5de hjemme og i haven. Med fem h\u00f8jdeindstillinger fra 150 til 210 cm kan b\u00f8rn i forskellige aldre lege. For at g\u00f8re opbevaring efter leg nemmere kan enheden foldes sammen. Transporten lettes af hjul, der er monteret i bunden. Little Tikes-leget\u00f8j er produkter af h\u00f8jeste kvalitet, som dine b\u00f8rn kan have gl\u00e6de af i mange \u00e5r. <\/p>\n<p>Egenskaber:<\/p>\n<p>* &#8211; basketballkurven kan foldes sammen for nem opbevaring,<br \/>\n* &#8211; basketballkurven har hjul (nem at flytte),<br \/>\n* &#8211; 5 forskellige h\u00f8jder,<br \/>\n* &#8211; produktet er fremstillet af materiale af h\u00f8j kvalitet.<\/p>\n<p>Leget\u00f8jet udvikler:<\/p>\n<p>* &#8211; manuelle f\u00e6rdigheder,<br \/>\n* &#8211; fysisk kondition,<br \/>\n* &#8211; fantasi,<br \/>\n* &#8211; kreativitet.<\/p>\n","protected":false},"excerpt":{"rendered":"<p>Denne basketballkurv fra det kendte m\u00e6rke Little Tikes er skabt til b\u00f8rn, der elsker at lege udend\u00f8rs. Basketball er fantastisk til gruppespil b\u00e5de hjemme og i haven. Med fem h\u00f8jdeindstillinger fra 150 til 210 cm kan b\u00f8rn i forskellige aldre lege. For at g\u00f8re opbevaring efter leg nemmere kan enheden foldes sammen. Transporten lettes af [&hellip;]<\/p>\n","protected":false},"featured_media":0,"comment_status":"open","ping_status":"closed","template":"","meta":[],"product_brand":[],"product_cat":[31],"product_tag":[],"class_list":{"0":"post-19779","1":"product","2":"type-product","3":"status-publish","5":"product_cat-uncategorized-da","7":"first","8":"instock","9":"shipping-taxable","10":"purchasable","11":"product-type-simple"},"_links":{"self":[{"href":"https:\/\/nordicmart.andreevmaster.com\/da\/wp-json\/wp\/v2\/product\/19779","targetHints":{"allow":["GET"]}}],"collection":[{"href":"https:\/\/nordicmart.andreevmaster.com\/da\/wp-json\/wp\/v2\/product"}],"about":[{"href":"https:\/\/nordicmart.andreevmaster.com\/da\/wp-json\/wp\/v2\/types\/product"}],"replies":[{"embeddable":true,"href":"https:\/\/nordicmart.andreevmaster.com\/da\/wp-json\/wp\/v2\/comments?post=19779"}],"wp:attachment":[{"href":"https:\/\/nordicmart.andreevmaster.com\/da\/wp-json\/wp\/v2\/media?parent=19779"}],"wp:term":[{"taxonomy":"product_brand","embeddable":true,"href":"https:\/\/nordicmart.andreevmaster.com\/da\/wp-json\/wp\/v2\/product_brand?post=19779"},{"taxonomy":"product_cat","embeddable":true,"href":"https:\/\/nordicmart.andreevmaster.com\/da\/wp-json\/wp\/v2\/product_cat?post=19779"},{"taxonomy":"product_tag","embeddable":true,"href":"https:\/\/nordicmart.andreevmaster.com\/da\/wp-json\/wp\/v2\/product_tag?post=19779"}],"curies":[{"name":"wp","href":"https:\/\/api.w.org\/{rel}","templated":true}]}}