{"id":19778,"date":"2026-02-27T00:05:44","date_gmt":"2026-02-27T00:05:44","guid":{"rendered":"https:\/\/nordicmart.andreevmaster.com\/product\/little-tikes-cozy-coupe-ride-on-shopping-cart-2\/"},"modified":"2026-02-27T08:51:47","modified_gmt":"2026-02-27T08:51:47","slug":"little-tikes-cozy-coupe-ride-on-shopping-cart-2","status":"publish","type":"product","link":"https:\/\/nordicmart.andreevmaster.com\/da\/vare\/little-tikes-cozy-coupe-ride-on-shopping-cart-2\/","title":{"rendered":"Little Tikes Cozy Coupe Ride-On Shopping Cart"},"content":{"rendered":"<p>Cozy Coupe hj\u00e6lper de sm\u00e5 med at handle ind. Den er den perfekte l\u00f8sning til \u00e6gte indk\u00f8b, men ogs\u00e5 en god id\u00e9 til leg. Bilen med kurv stimulerer b\u00f8rns fantasi og opmuntrer dem til at skabe scenarier og rollespil. Leget\u00f8jet har ogs\u00e5 et opbevaringsrum under kurven. Little Tikes-produkter er kendt og elsket p\u00e5 alle kontinenter, i mange hjem blandt utallige smilende b\u00f8rn og tilfredse for\u00e6ldre. Med b\u00f8rns sikkerhed for \u00f8je fremstiller Little Tikes produkter, der garanterer alle n\u00f8dvendige sikkerhedsstandarder. Med produktets holdbarhed for \u00f8je er leget\u00f8jet designet og fremstillet ved hj\u00e6lp af den mest passende teknologi, &#8220;rotomolding&#8221;, der garanterer mange \u00e5rs sjov.<\/p>\n","protected":false},"excerpt":{"rendered":"<p>Cozy Coupe hj\u00e6lper de sm\u00e5 med at handle ind. Den er den perfekte l\u00f8sning til \u00e6gte indk\u00f8b, men ogs\u00e5 en god id\u00e9 til leg. Bilen med kurv stimulerer b\u00f8rns fantasi og opmuntrer dem til at skabe scenarier og rollespil. Leget\u00f8jet har ogs\u00e5 et opbevaringsrum under kurven. Little Tikes-produkter er kendt og elsket p\u00e5 alle kontinenter, [&hellip;]<\/p>\n","protected":false},"featured_media":0,"comment_status":"open","ping_status":"closed","template":"","meta":[],"product_brand":[],"product_cat":[31],"product_tag":[],"class_list":{"0":"post-19778","1":"product","2":"type-product","3":"status-publish","5":"product_cat-uncategorized-da","7":"first","8":"instock","9":"shipping-taxable","10":"purchasable","11":"product-type-simple"},"_links":{"self":[{"href":"https:\/\/nordicmart.andreevmaster.com\/da\/wp-json\/wp\/v2\/product\/19778","targetHints":{"allow":["GET"]}}],"collection":[{"href":"https:\/\/nordicmart.andreevmaster.com\/da\/wp-json\/wp\/v2\/product"}],"about":[{"href":"https:\/\/nordicmart.andreevmaster.com\/da\/wp-json\/wp\/v2\/types\/product"}],"replies":[{"embeddable":true,"href":"https:\/\/nordicmart.andreevmaster.com\/da\/wp-json\/wp\/v2\/comments?post=19778"}],"wp:attachment":[{"href":"https:\/\/nordicmart.andreevmaster.com\/da\/wp-json\/wp\/v2\/media?parent=19778"}],"wp:term":[{"taxonomy":"product_brand","embeddable":true,"href":"https:\/\/nordicmart.andreevmaster.com\/da\/wp-json\/wp\/v2\/product_brand?post=19778"},{"taxonomy":"product_cat","embeddable":true,"href":"https:\/\/nordicmart.andreevmaster.com\/da\/wp-json\/wp\/v2\/product_cat?post=19778"},{"taxonomy":"product_tag","embeddable":true,"href":"https:\/\/nordicmart.andreevmaster.com\/da\/wp-json\/wp\/v2\/product_tag?post=19778"}],"curies":[{"name":"wp","href":"https:\/\/api.w.org\/{rel}","templated":true}]}}