{"id":19777,"date":"2026-02-27T00:05:44","date_gmt":"2026-02-27T00:05:44","guid":{"rendered":"https:\/\/nordicmart.andreevmaster.com\/product\/falk-lander-gron-pedaltraktor-med-trailer-fra-3-ar\/"},"modified":"2026-02-27T08:51:47","modified_gmt":"2026-02-27T08:51:47","slug":"falk-lander-gron-pedaltraktor-med-trailer-fra-3-ar","status":"publish","type":"product","link":"https:\/\/nordicmart.andreevmaster.com\/da\/vare\/falk-lander-gron-pedaltraktor-med-trailer-fra-3-ar\/","title":{"rendered":"FALK Lander gr\u00f8n pedaltraktor med trailer, fra 3 \u00e5r"},"content":{"rendered":"<p>Lander pedaltraktor med trailer er en dr\u00f8m, der g\u00e5r i opfyldelse for mange sm\u00e5 traktorf\u00f8rere. Omhyggeligt fremstillet med opm\u00e6rksomhed p\u00e5 selv de mindste detaljer! Ingen landmand ville vende n\u00e6sen op ad den. K\u00f8ret\u00f8jet er fremstillet af plast af h\u00f8jeste kvalitet. Designet til b\u00f8rn fra 3 \u00e5r og opefter.  K\u00f8ret\u00f8jet er udstyret med en aftagelig trailer med paneler og et rat med horn. Traktorens hjul er fremstillet af plast af h\u00f8j kvalitet.<\/p>\n<p>Egenskaber:<\/p>\n<p>&#8211; Til b\u00f8rn fra 3 \u00e5r &#8211; Maksimal belastning op til 50 kg &#8211; Horn i rattet &#8211; K\u00e6dedrev til bagakslen &#8211; Aftagelig trailer &#8211; Styret foraksel &#8211; Hjul af plast af h\u00f8j kvalitet &#8211; Stabil og sikker &#8211; Produktet kr\u00e6ver delvis samling<\/p>\n<p>S\u00e6ttet indeholder:<\/p>\n<p>&#8211; Landerto pedaltraktor &#8211; Aftagelig trailer<\/p>\n<p>Leget\u00f8jet udvikler:<\/p>\n<p>&#8211; Motoriske f\u00e6rdigheder &#8211; Kreativitet &#8211; Rumlig t\u00e6nkning &#8211; Uafh\u00e6ngighed og ansvarlighed<\/p>\n<p>Falk er en f\u00f8rende europ\u00e6isk producent af pedalk\u00f8ret\u00f8jer af h\u00f8j kvalitet. Virksomhedens sortiment omfatter traktorer med licens fra m\u00e6rker som Claas, Renault, McCormick, Kubota, Case IH og andre. Alle k\u00f8ret\u00f8jer er fremstillet i Frankrig af materialer af h\u00f8j kvalitet.<\/p>\n","protected":false},"excerpt":{"rendered":"<p>Lander pedaltraktor med trailer er en dr\u00f8m, der g\u00e5r i opfyldelse for mange sm\u00e5 traktorf\u00f8rere. Omhyggeligt fremstillet med opm\u00e6rksomhed p\u00e5 selv de mindste detaljer! Ingen landmand ville vende n\u00e6sen op ad den. K\u00f8ret\u00f8jet er fremstillet af plast af h\u00f8jeste kvalitet. Designet til b\u00f8rn fra 3 \u00e5r og opefter. K\u00f8ret\u00f8jet er udstyret med en aftagelig trailer [&hellip;]<\/p>\n","protected":false},"featured_media":0,"comment_status":"open","ping_status":"closed","template":"","meta":[],"product_brand":[],"product_cat":[31],"product_tag":[],"class_list":{"0":"post-19777","1":"product","2":"type-product","3":"status-publish","5":"product_cat-uncategorized-da","7":"first","8":"instock","9":"shipping-taxable","10":"purchasable","11":"product-type-simple"},"_links":{"self":[{"href":"https:\/\/nordicmart.andreevmaster.com\/da\/wp-json\/wp\/v2\/product\/19777","targetHints":{"allow":["GET"]}}],"collection":[{"href":"https:\/\/nordicmart.andreevmaster.com\/da\/wp-json\/wp\/v2\/product"}],"about":[{"href":"https:\/\/nordicmart.andreevmaster.com\/da\/wp-json\/wp\/v2\/types\/product"}],"replies":[{"embeddable":true,"href":"https:\/\/nordicmart.andreevmaster.com\/da\/wp-json\/wp\/v2\/comments?post=19777"}],"wp:attachment":[{"href":"https:\/\/nordicmart.andreevmaster.com\/da\/wp-json\/wp\/v2\/media?parent=19777"}],"wp:term":[{"taxonomy":"product_brand","embeddable":true,"href":"https:\/\/nordicmart.andreevmaster.com\/da\/wp-json\/wp\/v2\/product_brand?post=19777"},{"taxonomy":"product_cat","embeddable":true,"href":"https:\/\/nordicmart.andreevmaster.com\/da\/wp-json\/wp\/v2\/product_cat?post=19777"},{"taxonomy":"product_tag","embeddable":true,"href":"https:\/\/nordicmart.andreevmaster.com\/da\/wp-json\/wp\/v2\/product_tag?post=19777"}],"curies":[{"name":"wp","href":"https:\/\/api.w.org\/{rel}","templated":true}]}}