{"id":19776,"date":"2026-02-27T00:05:43","date_gmt":"2026-02-27T00:05:43","guid":{"rendered":"https:\/\/nordicmart.andreevmaster.com\/product\/falk-pedaltraktor-med-skovl-og-trailer-gron-claas-fra-3-ar\/"},"modified":"2026-02-27T08:51:47","modified_gmt":"2026-02-27T08:51:47","slug":"falk-pedaltraktor-med-skovl-og-trailer-gron-claas-fra-3-ar","status":"publish","type":"product","link":"https:\/\/nordicmart.andreevmaster.com\/da\/vare\/falk-pedaltraktor-med-skovl-og-trailer-gron-claas-fra-3-ar\/","title":{"rendered":"FALK Pedaltraktor med skovl og trailer Gr\u00f8n CLAAS fra 3 \u00e5r"},"content":{"rendered":"<p>CLAAS pedaltraktor med trailer fra FALK er en dr\u00f8m, der g\u00e5r i opfyldelse for mange sm\u00e5 traktorf\u00f8rere og bygherrer. Omhyggeligt fremstillet med opm\u00e6rksomhed p\u00e5 selv de mindste detaljer! Ingen landmand ville vende n\u00e6sen op ad denne. K\u00f8ret\u00f8jet er fremstillet af plast af h\u00f8jeste kvalitet og er designet til b\u00f8rn fra 3 \u00e5r og opefter. K\u00f8ret\u00f8jet er udstyret med en aftagelig trailer med paneler og et rat med horn. Traktorens hjul er fremstillet af plast af h\u00f8j kvalitet. <\/p>\n<p>Egenskaber: <\/p>\n<p>* &#8211; Til b\u00f8rn fra 3 \u00e5r og opefter<br \/>\n* &#8211; Maksimal belastning op til 50 kg<br \/>\n* &#8211; Horn i styret<br \/>\n* &#8211; K\u00e6dedrev til bagaksel<br \/>\n* &#8211; Aftagelig CLAAS-trailer<br \/>\n* &#8211; Styret foraksel<br \/>\n* &#8211; Bev\u00e6gelig frontskovl<br \/>\n* &#8211; Hjul af h\u00f8jkvalitetsplast<br \/>\n* &#8211; Stabil og sikker<br \/>\n* &#8211; Produkt til delvis samling<\/p>\n<p>S\u00e6ttet indeholder:<\/p>\n<p>* &#8211; Traktor med gravemaskine<br \/>\n* &#8211; Trailer<\/p>\n<p>Leget\u00f8jet udvikler:<\/p>\n<p>* &#8211; Grovmotorik og fysisk kondition<br \/>\n* &#8211; H\u00e5nd-\u00f8je- og h\u00e5nd-fod-koordination<br \/>\n* &#8211; Kreativitet og rollespil<br \/>\n* &#8211; En f\u00f8lelse af uafh\u00e6ngighed og selvtillid<\/p>\n<p>[img-83715-left-thickbox_default]<\/p>\n<p>[img-83716-left-thickbox_default]<\/p>\n","protected":false},"excerpt":{"rendered":"<p>CLAAS pedaltraktor med trailer fra FALK er en dr\u00f8m, der g\u00e5r i opfyldelse for mange sm\u00e5 traktorf\u00f8rere og bygherrer. Omhyggeligt fremstillet med opm\u00e6rksomhed p\u00e5 selv de mindste detaljer! Ingen landmand ville vende n\u00e6sen op ad denne. K\u00f8ret\u00f8jet er fremstillet af plast af h\u00f8jeste kvalitet og er designet til b\u00f8rn fra 3 \u00e5r og opefter. K\u00f8ret\u00f8jet [&hellip;]<\/p>\n","protected":false},"featured_media":0,"comment_status":"open","ping_status":"closed","template":"","meta":[],"product_brand":[],"product_cat":[31],"product_tag":[],"class_list":{"0":"post-19776","1":"product","2":"type-product","3":"status-publish","5":"product_cat-uncategorized-da","7":"first","8":"instock","9":"shipping-taxable","10":"purchasable","11":"product-type-simple"},"_links":{"self":[{"href":"https:\/\/nordicmart.andreevmaster.com\/da\/wp-json\/wp\/v2\/product\/19776","targetHints":{"allow":["GET"]}}],"collection":[{"href":"https:\/\/nordicmart.andreevmaster.com\/da\/wp-json\/wp\/v2\/product"}],"about":[{"href":"https:\/\/nordicmart.andreevmaster.com\/da\/wp-json\/wp\/v2\/types\/product"}],"replies":[{"embeddable":true,"href":"https:\/\/nordicmart.andreevmaster.com\/da\/wp-json\/wp\/v2\/comments?post=19776"}],"wp:attachment":[{"href":"https:\/\/nordicmart.andreevmaster.com\/da\/wp-json\/wp\/v2\/media?parent=19776"}],"wp:term":[{"taxonomy":"product_brand","embeddable":true,"href":"https:\/\/nordicmart.andreevmaster.com\/da\/wp-json\/wp\/v2\/product_brand?post=19776"},{"taxonomy":"product_cat","embeddable":true,"href":"https:\/\/nordicmart.andreevmaster.com\/da\/wp-json\/wp\/v2\/product_cat?post=19776"},{"taxonomy":"product_tag","embeddable":true,"href":"https:\/\/nordicmart.andreevmaster.com\/da\/wp-json\/wp\/v2\/product_tag?post=19776"}],"curies":[{"name":"wp","href":"https:\/\/api.w.org\/{rel}","templated":true}]}}