{"id":19775,"date":"2026-02-27T00:05:43","date_gmt":"2026-02-27T00:05:43","guid":{"rendered":"https:\/\/nordicmart.andreevmaster.com\/product\/falk-claas-stor-pedaltraktor-med-trailer-fra-3-ar\/"},"modified":"2026-02-27T08:51:47","modified_gmt":"2026-02-27T08:51:47","slug":"falk-claas-stor-pedaltraktor-med-trailer-fra-3-ar","status":"publish","type":"product","link":"https:\/\/nordicmart.andreevmaster.com\/da\/vare\/falk-claas-stor-pedaltraktor-med-trailer-fra-3-ar\/","title":{"rendered":"FALK Claas stor pedaltraktor med trailer fra 3 \u00e5r"},"content":{"rendered":"<p>Denne Claas pedaltraktor med trailer fra FALK er den perfekte gave til alle sm\u00e5 fans af landbrugsmaskiner! K\u00f8ret\u00f8jet, der er skabt med opm\u00e6rksomhed p\u00e5 de mindste detaljer, er en tro kopi af en rigtig traktor. Traktoren er designet til b\u00f8rn fra 3 \u00e5r og er fremstillet af plast af h\u00f8jeste kvalitet, hvilket garanterer holdbarhed og sikkerhed under leg. Den er udstyret med en aftagelig trailer med paneler, som giver dit barn mulighed for at transportere sine yndlingsleget\u00f8j eller materialer. Derudover vil rattet med horn g\u00f8re legen mere varieret og f\u00e5 den lille traktorf\u00f8rer til at f\u00f8le sig som en rigtig chauff\u00f8r. Hjulene, der er fremstillet af plast af h\u00f8j kvalitet, sikrer en j\u00e6vn og behagelig k\u00f8rsel.<\/p>\n<p>Funktioner:<\/p>\n<p>* &#8211; Til b\u00f8rn fra 3 \u00e5r<br \/>\n* &#8211; Horn i rattet<br \/>\n* &#8211; K\u00e6dedrev til bagakslen<br \/>\n* &#8211; Aftagelig trailer<br \/>\n* &#8211; Styret foraksel<br \/>\n* &#8211; Hjul lavet af plast af h\u00f8j kvalitet<br \/>\n* &#8211; Stabil og sikker<br \/>\n* &#8211; Produkt til delvis samling<br \/>\n* &#8211; Maksimal belastning op til 50 kg<\/p>\n<p>S\u00e6ttet indeholder:<\/p>\n<p>* &#8211; Claas pedaltraktor<br \/>\n* &#8211; Aftagelig trailer<\/p>\n<p>Leget\u00f8jet udvikler:<\/p>\n<p>* &#8211; Uafh\u00e6ngighed<br \/>\n* &#8211; Motorisk koordination<br \/>\n* &#8211; Rumlig orientering<br \/>\n* &#8211; Balance<br \/>\n* &#8211; Muskelstyrke<\/p>\n","protected":false},"excerpt":{"rendered":"<p>Denne Claas pedaltraktor med trailer fra FALK er den perfekte gave til alle sm\u00e5 fans af landbrugsmaskiner! K\u00f8ret\u00f8jet, der er skabt med opm\u00e6rksomhed p\u00e5 de mindste detaljer, er en tro kopi af en rigtig traktor. Traktoren er designet til b\u00f8rn fra 3 \u00e5r og er fremstillet af plast af h\u00f8jeste kvalitet, hvilket garanterer holdbarhed og [&hellip;]<\/p>\n","protected":false},"featured_media":0,"comment_status":"open","ping_status":"closed","template":"","meta":[],"product_brand":[],"product_cat":[31],"product_tag":[],"class_list":{"0":"post-19775","1":"product","2":"type-product","3":"status-publish","5":"product_cat-uncategorized-da","7":"first","8":"instock","9":"shipping-taxable","10":"purchasable","11":"product-type-simple"},"_links":{"self":[{"href":"https:\/\/nordicmart.andreevmaster.com\/da\/wp-json\/wp\/v2\/product\/19775","targetHints":{"allow":["GET"]}}],"collection":[{"href":"https:\/\/nordicmart.andreevmaster.com\/da\/wp-json\/wp\/v2\/product"}],"about":[{"href":"https:\/\/nordicmart.andreevmaster.com\/da\/wp-json\/wp\/v2\/types\/product"}],"replies":[{"embeddable":true,"href":"https:\/\/nordicmart.andreevmaster.com\/da\/wp-json\/wp\/v2\/comments?post=19775"}],"wp:attachment":[{"href":"https:\/\/nordicmart.andreevmaster.com\/da\/wp-json\/wp\/v2\/media?parent=19775"}],"wp:term":[{"taxonomy":"product_brand","embeddable":true,"href":"https:\/\/nordicmart.andreevmaster.com\/da\/wp-json\/wp\/v2\/product_brand?post=19775"},{"taxonomy":"product_cat","embeddable":true,"href":"https:\/\/nordicmart.andreevmaster.com\/da\/wp-json\/wp\/v2\/product_cat?post=19775"},{"taxonomy":"product_tag","embeddable":true,"href":"https:\/\/nordicmart.andreevmaster.com\/da\/wp-json\/wp\/v2\/product_tag?post=19775"}],"curies":[{"name":"wp","href":"https:\/\/api.w.org\/{rel}","templated":true}]}}