{"id":19773,"date":"2026-02-27T00:05:43","date_gmt":"2026-02-27T00:05:43","guid":{"rendered":"https:\/\/nordicmart.andreevmaster.com\/product\/falk-claas-pedaltraktor-med-trailer-skovl-og-bulldozer-til-born-fra-3-ar\/"},"modified":"2026-02-27T08:51:47","modified_gmt":"2026-02-27T08:51:47","slug":"falk-claas-pedaltraktor-med-trailer-skovl-og-bulldozer-til-born-fra-3-ar","status":"publish","type":"product","link":"https:\/\/nordicmart.andreevmaster.com\/da\/vare\/falk-claas-pedaltraktor-med-trailer-skovl-og-bulldozer-til-born-fra-3-ar\/","title":{"rendered":"FALK CLAAS Pedaltraktor med trailer, skovl og bulldozer til b\u00f8rn fra 3 \u00e5r"},"content":{"rendered":"<p>CLAAS AVEC-traktoren fra FALK er en dr\u00f8m, der g\u00e5r i opfyldelse for mange sm\u00e5 traktorf\u00f8rere og byggere. Omhyggeligt fremstillet med opm\u00e6rksomhed p\u00e5 selv de mindste detaljer! Ingen landmand ville vende n\u00e6sen op ad den. Et pedalk\u00f8ret\u00f8j \u2013 den perfekte gave til alle sm\u00e5b\u00f8rn. Den nyeste CLAAS BACKHOE-pedaltraktor til b\u00f8rn med skovl, l\u00e6sser og trailer er fremstillet af plast i h\u00f8j kvalitet. K\u00f8ret\u00f8jet er designet til b\u00f8rn fra 3 \u00e5r og opefter. Alle unge traktorchauff\u00f8rer vil elske denne model. K\u00f8ret\u00f8jet er fremstillet i originale farver.<\/p>\n<p>Egenskaber:<\/p>\n<p>* &#8211; til b\u00f8rn fra 3 \u00e5r og opefter,<br \/>\n* &#8211; maksimal belastning op til 50 kg,<br \/>\n* &#8211; horn i styret,<br \/>\n* &#8211; k\u00e6dedrev til bagakslen,* &#8211; aftagelig CLAAS-trailer,<br \/>\n* &#8211; styret foraksel,<br \/>\n* &#8211; bev\u00e6gelig frontskovl,<br \/>\n* &#8211; udstyret med en funktionel l\u00e6sser,<br \/>\n* &#8211; hjul fremstillet af plast af h\u00f8j kvalitet,<br \/>\n* &#8211; stabil og sikker,<br \/>\n* &#8211; produktet kr\u00e6ver delvis samling.<\/p>\n<p>Falk er en f\u00f8rende europ\u00e6isk producent af pedalbiler af h\u00f8j kvalitet. Virksomhedens produktsortiment omfatter traktorer, der er licenseret af m\u00e6rker som Claas, Renault, McCormick, Kubota, Case IH og andre. Alle k\u00f8ret\u00f8jer er fremstillet i Frankrig af materialer af h\u00f8j kvalitet.<\/p>\n","protected":false},"excerpt":{"rendered":"<p>CLAAS AVEC-traktoren fra FALK er en dr\u00f8m, der g\u00e5r i opfyldelse for mange sm\u00e5 traktorf\u00f8rere og byggere. Omhyggeligt fremstillet med opm\u00e6rksomhed p\u00e5 selv de mindste detaljer! Ingen landmand ville vende n\u00e6sen op ad den. Et pedalk\u00f8ret\u00f8j \u2013 den perfekte gave til alle sm\u00e5b\u00f8rn. Den nyeste CLAAS BACKHOE-pedaltraktor til b\u00f8rn med skovl, l\u00e6sser og trailer er [&hellip;]<\/p>\n","protected":false},"featured_media":0,"comment_status":"open","ping_status":"closed","template":"","meta":[],"product_brand":[],"product_cat":[31],"product_tag":[],"class_list":{"0":"post-19773","1":"product","2":"type-product","3":"status-publish","5":"product_cat-uncategorized-da","7":"first","8":"instock","9":"shipping-taxable","10":"purchasable","11":"product-type-simple"},"_links":{"self":[{"href":"https:\/\/nordicmart.andreevmaster.com\/da\/wp-json\/wp\/v2\/product\/19773","targetHints":{"allow":["GET"]}}],"collection":[{"href":"https:\/\/nordicmart.andreevmaster.com\/da\/wp-json\/wp\/v2\/product"}],"about":[{"href":"https:\/\/nordicmart.andreevmaster.com\/da\/wp-json\/wp\/v2\/types\/product"}],"replies":[{"embeddable":true,"href":"https:\/\/nordicmart.andreevmaster.com\/da\/wp-json\/wp\/v2\/comments?post=19773"}],"wp:attachment":[{"href":"https:\/\/nordicmart.andreevmaster.com\/da\/wp-json\/wp\/v2\/media?parent=19773"}],"wp:term":[{"taxonomy":"product_brand","embeddable":true,"href":"https:\/\/nordicmart.andreevmaster.com\/da\/wp-json\/wp\/v2\/product_brand?post=19773"},{"taxonomy":"product_cat","embeddable":true,"href":"https:\/\/nordicmart.andreevmaster.com\/da\/wp-json\/wp\/v2\/product_cat?post=19773"},{"taxonomy":"product_tag","embeddable":true,"href":"https:\/\/nordicmart.andreevmaster.com\/da\/wp-json\/wp\/v2\/product_tag?post=19773"}],"curies":[{"name":"wp","href":"https:\/\/api.w.org\/{rel}","templated":true}]}}